{"id":27032,"date":"2026-02-27T13:28:38","date_gmt":"2026-02-27T19:28:38","guid":{"rendered":"https:\/\/elbronco.com.mx\/new\/articulo\/tapa-hard-tri-fold-cover-deslizante-bronx-para-chevrolet-colorado-gmc-canyon\/"},"modified":"2026-04-14T17:22:00","modified_gmt":"2026-04-14T23:22:00","slug":"tapa-hard-tri-fold-cover-deslizante-bronx-para-chevrolet-colorado-gmc-canyon","status":"publish","type":"product","link":"https:\/\/elbronco.com.mx\/new\/articulo\/tapa-hard-tri-fold-cover-deslizante-bronx-para-chevrolet-colorado-gmc-canyon\/","title":{"rendered":"TAPA HARD TRI-FOLD COVER DESLIZANTE BRONX PARA CHEVROLET COLORADO \/ GMC CANYON IMPORTADA"},"content":{"rendered":"<p>\u2022 Sistema deslizante para acceso total.<br \/>\n\u2022 F\u00e1cil desmontaje y reinstalaci\u00f3n.<br \/>\n\u2022 Sistema de bloqueo seguro.<br \/>\n\u2022 Fabricada en aluminio recubierta en pl\u00e1stico resistente.<br \/>\n\u2022 Dise\u00f1o practico para una instalaci\u00f3n f\u00e1cil.<br \/>\n\u2022 Cubra el espacio de carga de la intemperie.<br \/>\n\u2022 Doblez en carpeta de tres secciones para descubrir f\u00e1cilmente.<\/p>\n","protected":false},"excerpt":{"rendered":"<p>\u2022 Sistema deslizante para acceso total. \u2022 F\u00e1cil desmontaje y reinstalaci\u00f3n. \u2022 Sistema de bloqueo seguro. \u2022 Fabricada en aluminio&#8230;<\/p>\n","protected":false},"featured_media":26968,"template":"","meta":{"_joinchat":[]},"etheme_brands":[],"product_brand":[3652],"product_cat":[8184,21850],"product_tag":[18736],"class_list":{"0":"post-27032","1":"product","2":"type-product","3":"status-publish","4":"has-post-thumbnail","6":"product_brand-bronx","7":"product_cat-pick-up","8":"product_cat-tapas-deslizantes","9":"product_tag-importtap","11":"first","12":"instock","13":"shipping-taxable","14":"purchasable","15":"product-type-simple"},"_links":{"self":[{"href":"https:\/\/elbronco.com.mx\/new\/wp-json\/wp\/v2\/product\/27032","targetHints":{"allow":["GET"]}}],"collection":[{"href":"https:\/\/elbronco.com.mx\/new\/wp-json\/wp\/v2\/product"}],"about":[{"href":"https:\/\/elbronco.com.mx\/new\/wp-json\/wp\/v2\/types\/product"}],"wp:featuredmedia":[{"embeddable":true,"href":"https:\/\/elbronco.com.mx\/new\/wp-json\/wp\/v2\/media\/26968"}],"wp:attachment":[{"href":"https:\/\/elbronco.com.mx\/new\/wp-json\/wp\/v2\/media?parent=27032"}],"wp:term":[{"taxonomy":"brand","embeddable":true,"href":"https:\/\/elbronco.com.mx\/new\/wp-json\/wp\/v2\/etheme_brands?post=27032"},{"taxonomy":"product_brand","embeddable":true,"href":"https:\/\/elbronco.com.mx\/new\/wp-json\/wp\/v2\/product_brand?post=27032"},{"taxonomy":"product_cat","embeddable":true,"href":"https:\/\/elbronco.com.mx\/new\/wp-json\/wp\/v2\/product_cat?post=27032"},{"taxonomy":"product_tag","embeddable":true,"href":"https:\/\/elbronco.com.mx\/new\/wp-json\/wp\/v2\/product_tag?post=27032"}],"curies":[{"name":"wp","href":"https:\/\/api.w.org\/{rel}","templated":true}]}}