{"id":27002,"date":"2026-02-27T12:15:48","date_gmt":"2026-02-27T18:15:48","guid":{"rendered":"https:\/\/elbronco.com.mx\/new\/?post_type=product&#038;p=27002"},"modified":"2026-05-04T10:42:07","modified_gmt":"2026-05-04T16:42:07","slug":"tapa-electrica-roll-cover-bronx-para-toyota-hilux-gwm-poer-jac-t8-doble-cabina-importada","status":"publish","type":"product","link":"https:\/\/elbronco.com.mx\/new\/articulo\/tapa-electrica-roll-cover-bronx-para-toyota-hilux-gwm-poer-jac-t8-doble-cabina-importada\/","title":{"rendered":"TAPA ROLL COVER EL\u00c9CTRICA BRONX PARA TOYOTA HILUX \/ GWM POER \/ JAC T8 (DOBLE CABINA) IMPORTADA"},"content":{"rendered":"<p>\u2022 Funci\u00f3n de cierre y bloqueo con control remoto y bot\u00f3n al tablero.<br \/>\n\u2022 Sistema autom\u00e1tico de bloqueo por obstrucci\u00f3n.<br \/>\n\u2022 Fabricada en aluminio recubierta en pl\u00e1stico resistente.<br \/>\n\u2022 Cuenta con luz de servicio para iluminar el interior.<br \/>\n\u2022 Dise\u00f1o practico para una instalaci\u00f3n f\u00e1cil.<br \/>\n\u2022 Cubra el espacio de carga de la intemperie.<\/p>\n","protected":false},"excerpt":{"rendered":"<p>\u2022 Funci\u00f3n de cierre y bloqueo con control remoto y bot\u00f3n al tablero. \u2022 Sistema autom\u00e1tico de bloqueo por obstrucci\u00f3n&#8230;.<\/p>\n","protected":false},"featured_media":27004,"template":"","meta":{"_joinchat":[]},"etheme_brands":[],"product_brand":[3652],"product_cat":[8184,10170],"product_tag":[18736],"class_list":{"0":"post-27002","1":"product","2":"type-product","3":"status-publish","4":"has-post-thumbnail","6":"product_brand-bronx","7":"product_cat-pick-up","8":"product_cat-tapas-electricas","9":"product_tag-importtap","11":"first","12":"instock","13":"shipping-taxable","14":"purchasable","15":"product-type-simple"},"_links":{"self":[{"href":"https:\/\/elbronco.com.mx\/new\/wp-json\/wp\/v2\/product\/27002","targetHints":{"allow":["GET"]}}],"collection":[{"href":"https:\/\/elbronco.com.mx\/new\/wp-json\/wp\/v2\/product"}],"about":[{"href":"https:\/\/elbronco.com.mx\/new\/wp-json\/wp\/v2\/types\/product"}],"wp:featuredmedia":[{"embeddable":true,"href":"https:\/\/elbronco.com.mx\/new\/wp-json\/wp\/v2\/media\/27004"}],"wp:attachment":[{"href":"https:\/\/elbronco.com.mx\/new\/wp-json\/wp\/v2\/media?parent=27002"}],"wp:term":[{"taxonomy":"brand","embeddable":true,"href":"https:\/\/elbronco.com.mx\/new\/wp-json\/wp\/v2\/etheme_brands?post=27002"},{"taxonomy":"product_brand","embeddable":true,"href":"https:\/\/elbronco.com.mx\/new\/wp-json\/wp\/v2\/product_brand?post=27002"},{"taxonomy":"product_cat","embeddable":true,"href":"https:\/\/elbronco.com.mx\/new\/wp-json\/wp\/v2\/product_cat?post=27002"},{"taxonomy":"product_tag","embeddable":true,"href":"https:\/\/elbronco.com.mx\/new\/wp-json\/wp\/v2\/product_tag?post=27002"}],"curies":[{"name":"wp","href":"https:\/\/api.w.org\/{rel}","templated":true}]}}