{"id":26270,"date":"2026-01-07T17:58:14","date_gmt":"2026-01-07T23:58:14","guid":{"rendered":"https:\/\/elbronco.com.mx\/new\/?post_type=product&#038;p=26270"},"modified":"2026-05-08T13:46:58","modified_gmt":"2026-05-08T19:46:58","slug":"tapa-hard-tri-fold-cover-para-byd-shark-importada","status":"publish","type":"product","link":"https:\/\/elbronco.com.mx\/new\/articulo\/tapa-hard-tri-fold-cover-para-byd-shark-importada\/","title":{"rendered":"TAPA HARD TRI-FOLD COVER PARA BYD SHARK IMPORTADA"},"content":{"rendered":"<p>\u2022 Hecha con materiales de calidad.<br \/>\n\u2022 Fabricada en aluminio recubierta en pl\u00e1stico resistente.<br \/>\n\u2022 Cuenta con luz de servicio para iluminar el interior.<br \/>\n\u2022 Dise\u00f1o practico para una instalaci\u00f3n f\u00e1cil.<br \/>\n\u2022 Cubra el espacio de carga de la intemperie.<br \/>\n\u2022 Doblez en carpeta de tres secciones para descubrir f\u00e1cilmente.<\/p>\n","protected":false},"excerpt":{"rendered":"<p>\u2022 Hecha con materiales de calidad. \u2022 Fabricada en aluminio recubierta en pl\u00e1stico resistente. \u2022 Cuenta con luz de servicio&#8230;<\/p>\n","protected":false},"featured_media":22778,"template":"","meta":{"_joinchat":[]},"etheme_brands":[],"product_brand":[3652],"product_cat":[8184,9968],"product_tag":[18736],"class_list":{"0":"post-26270","1":"product","2":"type-product","3":"status-publish","4":"has-post-thumbnail","6":"product_brand-bronx","7":"product_cat-pick-up","8":"product_cat-tapas_abatibles","9":"product_tag-importtap","11":"first","12":"instock","13":"shipping-taxable","14":"purchasable","15":"product-type-simple"},"_links":{"self":[{"href":"https:\/\/elbronco.com.mx\/new\/wp-json\/wp\/v2\/product\/26270","targetHints":{"allow":["GET"]}}],"collection":[{"href":"https:\/\/elbronco.com.mx\/new\/wp-json\/wp\/v2\/product"}],"about":[{"href":"https:\/\/elbronco.com.mx\/new\/wp-json\/wp\/v2\/types\/product"}],"wp:featuredmedia":[{"embeddable":true,"href":"https:\/\/elbronco.com.mx\/new\/wp-json\/wp\/v2\/media\/22778"}],"wp:attachment":[{"href":"https:\/\/elbronco.com.mx\/new\/wp-json\/wp\/v2\/media?parent=26270"}],"wp:term":[{"taxonomy":"brand","embeddable":true,"href":"https:\/\/elbronco.com.mx\/new\/wp-json\/wp\/v2\/etheme_brands?post=26270"},{"taxonomy":"product_brand","embeddable":true,"href":"https:\/\/elbronco.com.mx\/new\/wp-json\/wp\/v2\/product_brand?post=26270"},{"taxonomy":"product_cat","embeddable":true,"href":"https:\/\/elbronco.com.mx\/new\/wp-json\/wp\/v2\/product_cat?post=26270"},{"taxonomy":"product_tag","embeddable":true,"href":"https:\/\/elbronco.com.mx\/new\/wp-json\/wp\/v2\/product_tag?post=26270"}],"curies":[{"name":"wp","href":"https:\/\/api.w.org\/{rel}","templated":true}]}}