{"id":22566,"date":"2025-08-11T12:28:38","date_gmt":"2025-08-11T18:28:38","guid":{"rendered":"https:\/\/elbronco.com.mx\/new\/?post_type=product&#038;p=22566"},"modified":"2026-04-10T13:43:58","modified_gmt":"2026-04-10T19:43:58","slug":"rack-porta-moto-para-tiron-importado","status":"publish","type":"product","link":"https:\/\/elbronco.com.mx\/new\/articulo\/rack-porta-moto-para-tiron-importado\/","title":{"rendered":"RACK PORTA MOTOCICLETA PARA TIR\u00d3N IMPORTADO"},"content":{"rendered":"<p>\u2022 Capacidad de carga de hasta 600Lbs.<br \/>\n\u2022 Cople universal de 2&#8243; para tir\u00f3n.<br \/>\n\u2022 Cuenta con rampa para facilitar la subida y bajada de la moto.<br \/>\n\u2022 Fabricado en acero de alta resistencia.<br \/>\n\u2022 Acabado en pintura electrost\u00e1tica.<br \/>\n\u2022 Con perno de seguridad.<\/p>\n","protected":false},"excerpt":{"rendered":"<p><strong>*Es necesario contar con tir\u00f3n de arrastre en su veh\u00edculo para la instalaci\u00f3n de este accesorio, los cuales se venden por separado <a href=\"https:\/\/elbronco.com.mx\/new\/categoria\/tirones\/cople-de-2\/\" target=\"_blank\"><u>aqu\u00ed<\/u><\/a><\/strong><\/p>\n","protected":false},"featured_media":22567,"template":"","meta":{"_joinchat":[]},"etheme_brands":[],"product_brand":[3652],"product_cat":[18685],"product_tag":[18736,18645],"class_list":{"0":"post-22566","1":"product","2":"type-product","3":"status-publish","4":"has-post-thumbnail","6":"product_brand-bronx","7":"product_cat-rack-tiron","8":"product_tag-importtap","9":"product_tag-vacaciones","11":"first","12":"outofstock","13":"shipping-taxable","14":"purchasable","15":"product-type-simple"},"_links":{"self":[{"href":"https:\/\/elbronco.com.mx\/new\/wp-json\/wp\/v2\/product\/22566","targetHints":{"allow":["GET"]}}],"collection":[{"href":"https:\/\/elbronco.com.mx\/new\/wp-json\/wp\/v2\/product"}],"about":[{"href":"https:\/\/elbronco.com.mx\/new\/wp-json\/wp\/v2\/types\/product"}],"wp:featuredmedia":[{"embeddable":true,"href":"https:\/\/elbronco.com.mx\/new\/wp-json\/wp\/v2\/media\/22567"}],"wp:attachment":[{"href":"https:\/\/elbronco.com.mx\/new\/wp-json\/wp\/v2\/media?parent=22566"}],"wp:term":[{"taxonomy":"brand","embeddable":true,"href":"https:\/\/elbronco.com.mx\/new\/wp-json\/wp\/v2\/etheme_brands?post=22566"},{"taxonomy":"product_brand","embeddable":true,"href":"https:\/\/elbronco.com.mx\/new\/wp-json\/wp\/v2\/product_brand?post=22566"},{"taxonomy":"product_cat","embeddable":true,"href":"https:\/\/elbronco.com.mx\/new\/wp-json\/wp\/v2\/product_cat?post=22566"},{"taxonomy":"product_tag","embeddable":true,"href":"https:\/\/elbronco.com.mx\/new\/wp-json\/wp\/v2\/product_tag?post=22566"}],"curies":[{"name":"wp","href":"https:\/\/api.w.org\/{rel}","templated":true}]}}