{"id":18964,"date":"2025-03-27T13:03:09","date_gmt":"2025-03-27T19:03:09","guid":{"rendered":"https:\/\/elbronco.com.mx\/new\/?post_type=product&#038;p=18964"},"modified":"2026-05-04T10:41:29","modified_gmt":"2026-05-04T16:41:29","slug":"extension-en-v-para-caja-pick-up-universal-bronx-importada","status":"publish","type":"product","link":"https:\/\/elbronco.com.mx\/new\/articulo\/extension-en-v-para-caja-pick-up-universal-bronx-importada\/","title":{"rendered":"EXTENSION EN \u00abV\u00bb PARA CAJA PICK-UP UNIVERSAL BRONX IMPORTADA"},"content":{"rendered":"<p>\u2022 Hecha con materiales de calidad.<br \/>\n\u2022 Fabricado con perfil de acero y pl\u00e1sticos resistentes.<br \/>\n\u2022 Dise\u00f1o practico para una instalaci\u00f3n f\u00e1cil.<br \/>\n\u2022 Ampl\u00ede el espacio de carga trasero de su camioneta.<br \/>\n\u2022 Aplicaci\u00f3n universal con rango de ancho adaptable.<br \/>\n\u2022 Para uso sobre la tapa abierta o por dentro de la caja.<\/p>\n","protected":false},"excerpt":{"rendered":"<p>\u2022 Hecha con materiales de calidad. \u2022 Fabricado con perfil de acero y pl\u00e1sticos resistentes. \u2022 Dise\u00f1o practico para una&#8230;<\/p>\n","protected":false},"featured_media":18971,"template":"","meta":{"_joinchat":[]},"etheme_brands":[],"product_brand":[3652],"product_cat":[8185,8184],"product_tag":[18736],"class_list":{"0":"post-18964","1":"product","2":"type-product","3":"status-publish","4":"has-post-thumbnail","6":"product_brand-bronx","7":"product_cat-extensiones_caja","8":"product_cat-pick-up","9":"product_tag-importtap","11":"first","12":"instock","13":"shipping-taxable","14":"purchasable","15":"product-type-variable"},"_links":{"self":[{"href":"https:\/\/elbronco.com.mx\/new\/wp-json\/wp\/v2\/product\/18964","targetHints":{"allow":["GET"]}}],"collection":[{"href":"https:\/\/elbronco.com.mx\/new\/wp-json\/wp\/v2\/product"}],"about":[{"href":"https:\/\/elbronco.com.mx\/new\/wp-json\/wp\/v2\/types\/product"}],"wp:featuredmedia":[{"embeddable":true,"href":"https:\/\/elbronco.com.mx\/new\/wp-json\/wp\/v2\/media\/18971"}],"wp:attachment":[{"href":"https:\/\/elbronco.com.mx\/new\/wp-json\/wp\/v2\/media?parent=18964"}],"wp:term":[{"taxonomy":"brand","embeddable":true,"href":"https:\/\/elbronco.com.mx\/new\/wp-json\/wp\/v2\/etheme_brands?post=18964"},{"taxonomy":"product_brand","embeddable":true,"href":"https:\/\/elbronco.com.mx\/new\/wp-json\/wp\/v2\/product_brand?post=18964"},{"taxonomy":"product_cat","embeddable":true,"href":"https:\/\/elbronco.com.mx\/new\/wp-json\/wp\/v2\/product_cat?post=18964"},{"taxonomy":"product_tag","embeddable":true,"href":"https:\/\/elbronco.com.mx\/new\/wp-json\/wp\/v2\/product_tag?post=18964"}],"curies":[{"name":"wp","href":"https:\/\/api.w.org\/{rel}","templated":true}]}}