{"id":18891,"date":"2025-03-26T17:26:20","date_gmt":"2025-03-26T23:26:20","guid":{"rendered":"https:\/\/elbronco.com.mx\/new\/articulo\/rack-porta-bicicleta-bronx-para-tiron-2-bicicletas\/"},"modified":"2026-05-04T10:41:18","modified_gmt":"2026-05-04T16:41:18","slug":"rack-porta-bicicleta-bronx-para-tiron-2-bicicletas","status":"publish","type":"product","link":"https:\/\/elbronco.com.mx\/new\/articulo\/rack-porta-bicicleta-bronx-para-tiron-2-bicicletas\/","title":{"rendered":"RACK PORTA BICICLETA BRONX PARA TIRON 2 BICICLETAS"},"content":{"rendered":"<p>\u2022 Acabado en color negro.<br \/>\n\u2022 Fabricado en perfil de acero de alta resistencia.<br \/>\n\u2022 Cuenta con espacio para 2 bicicletas.<br \/>\n\u2022 Cople universal de 2&#8243; para tir\u00f3n.<\/p>\n","protected":false},"excerpt":{"rendered":"<p><strong>*Es necesario contar con tir\u00f3n de arrastre con entrada de 2&#8243; en su veh\u00edculo para la instalaci\u00f3n de este accesorio, los cuales se venden por separado <a href=\"https:\/\/elbronco.com.mx\/new\/categoria\/tirones\/cople-de-2\/\" target=\"_blank\" rel=\"noopener\"><u>aqu\u00ed<\/u><\/a><\/strong><\/p>\n","protected":false},"featured_media":18990,"template":"","meta":{"_joinchat":[]},"etheme_brands":[],"product_brand":[3652],"product_cat":[8171,18685],"product_tag":[18736,18645],"class_list":{"0":"post-18891","1":"product","2":"type-product","3":"status-publish","4":"has-post-thumbnail","6":"product_brand-bronx","7":"product_cat-porta-bicicletas","8":"product_cat-rack-tiron","9":"product_tag-importtap","10":"product_tag-vacaciones","12":"first","13":"instock","14":"shipping-taxable","15":"purchasable","16":"product-type-simple"},"_links":{"self":[{"href":"https:\/\/elbronco.com.mx\/new\/wp-json\/wp\/v2\/product\/18891","targetHints":{"allow":["GET"]}}],"collection":[{"href":"https:\/\/elbronco.com.mx\/new\/wp-json\/wp\/v2\/product"}],"about":[{"href":"https:\/\/elbronco.com.mx\/new\/wp-json\/wp\/v2\/types\/product"}],"wp:featuredmedia":[{"embeddable":true,"href":"https:\/\/elbronco.com.mx\/new\/wp-json\/wp\/v2\/media\/18990"}],"wp:attachment":[{"href":"https:\/\/elbronco.com.mx\/new\/wp-json\/wp\/v2\/media?parent=18891"}],"wp:term":[{"taxonomy":"brand","embeddable":true,"href":"https:\/\/elbronco.com.mx\/new\/wp-json\/wp\/v2\/etheme_brands?post=18891"},{"taxonomy":"product_brand","embeddable":true,"href":"https:\/\/elbronco.com.mx\/new\/wp-json\/wp\/v2\/product_brand?post=18891"},{"taxonomy":"product_cat","embeddable":true,"href":"https:\/\/elbronco.com.mx\/new\/wp-json\/wp\/v2\/product_cat?post=18891"},{"taxonomy":"product_tag","embeddable":true,"href":"https:\/\/elbronco.com.mx\/new\/wp-json\/wp\/v2\/product_tag?post=18891"}],"curies":[{"name":"wp","href":"https:\/\/api.w.org\/{rel}","templated":true}]}}