{"id":18371,"date":"2025-03-10T17:34:39","date_gmt":"2025-03-10T23:34:39","guid":{"rendered":"https:\/\/elbronco.com.mx\/new\/articulo\/canastilla-porta-equipaje-bronco-sport-para-chevy-101-x-101-cm\/"},"modified":"2026-03-30T13:43:39","modified_gmt":"2026-03-30T19:43:39","slug":"canastilla-porta-equipaje-bronco-sport-para-chevy-101-x-101-cm","status":"publish","type":"product","link":"https:\/\/elbronco.com.mx\/new\/articulo\/canastilla-porta-equipaje-bronco-sport-para-chevy-101-x-101-cm\/","title":{"rendered":"CANASTILLA PORTA-EQUIPAJE BRONCO  SPORT PARA CHEVY 101 X 101 CM"},"content":{"rendered":"<p>\u2022 Presentaci\u00f3n en color negro electrost\u00e1tico.<br \/>\n\u2022 Fabricado en perfil de acero de alta resistencia.<br \/>\n\u2022 Incluye torniller\u00eda y soporte para instalaci\u00f3n directamente en el toldo del veh\u00edculo.<br \/>\n\u2022 Dise\u00f1os exclusivos de fabricaci\u00f3n nacional.<br \/>\n\u2022 Soportes para instalaci\u00f3n de faros.<\/p>\n","protected":false},"excerpt":{"rendered":"<p>\u2022 Presentaci\u00f3n en color negro electrost\u00e1tico. \u2022 Fabricado en perfil de acero de alta resistencia. \u2022 Incluye torniller\u00eda y soporte&#8230;<\/p>\n","protected":false},"featured_media":24403,"template":"","meta":{"_joinchat":[]},"etheme_brands":[],"product_brand":[3651],"product_cat":[3161,3160,18851],"product_tag":[18732,21847,18734,18822,18645],"class_list":{"0":"post-18371","1":"product","2":"type-product","3":"status-publish","4":"has-post-thumbnail","6":"product_brand-el-bronco","7":"product_cat-toldo","8":"product_cat-canastillas","9":"product_cat-outlet","10":"product_tag-equipaje","11":"product_tag-hae","12":"product_tag-nacional","13":"product_tag-outlet","14":"product_tag-vacaciones","16":"first","17":"outofstock","18":"sale","19":"shipping-taxable","20":"purchasable","21":"product-type-simple"},"_links":{"self":[{"href":"https:\/\/elbronco.com.mx\/new\/wp-json\/wp\/v2\/product\/18371","targetHints":{"allow":["GET"]}}],"collection":[{"href":"https:\/\/elbronco.com.mx\/new\/wp-json\/wp\/v2\/product"}],"about":[{"href":"https:\/\/elbronco.com.mx\/new\/wp-json\/wp\/v2\/types\/product"}],"wp:featuredmedia":[{"embeddable":true,"href":"https:\/\/elbronco.com.mx\/new\/wp-json\/wp\/v2\/media\/24403"}],"wp:attachment":[{"href":"https:\/\/elbronco.com.mx\/new\/wp-json\/wp\/v2\/media?parent=18371"}],"wp:term":[{"taxonomy":"brand","embeddable":true,"href":"https:\/\/elbronco.com.mx\/new\/wp-json\/wp\/v2\/etheme_brands?post=18371"},{"taxonomy":"product_brand","embeddable":true,"href":"https:\/\/elbronco.com.mx\/new\/wp-json\/wp\/v2\/product_brand?post=18371"},{"taxonomy":"product_cat","embeddable":true,"href":"https:\/\/elbronco.com.mx\/new\/wp-json\/wp\/v2\/product_cat?post=18371"},{"taxonomy":"product_tag","embeddable":true,"href":"https:\/\/elbronco.com.mx\/new\/wp-json\/wp\/v2\/product_tag?post=18371"}],"curies":[{"name":"wp","href":"https:\/\/api.w.org\/{rel}","templated":true}]}}