{"id":3023,"date":"2021-01-06T08:17:39","date_gmt":"2021-01-06T08:17:39","guid":{"rendered":"https:\/\/xstore.8theme.com\/demos\/2\/niche-market02\/?page_id=3023"},"modified":"2026-02-06T12:19:01","modified_gmt":"2026-02-06T18:19:01","slug":"about-us","status":"publish","type":"page","link":"https:\/\/elbronco.com.mx\/new\/about-us\/","title":{"rendered":"Nosotros"},"content":{"rendered":"<div class=\"wpb-content-wrapper\"><p>[vc_row full_width=\u00bbstretch_row\u00bb content_placement=\u00bbbottom\u00bb css_animation=\u00bbfadeIn\u00bb background_position=\u00bbcenter\u00bb et_uniqid=\u00bbet_custom_uniqid_5ff5724499759&#8243; _et_uniqid=\u00bbet_custom_uniqid_new_67d084ef62c25&#8243; css=\u00bb.vc_custom_1741718787348{margin-top: -15px !important;background-image: url(https:\/\/elbronco.com.mx\/new\/wp-content\/uploads\/pagina_back2.webp?id=18389) !important;background-position: center !important;background-repeat: no-repeat !important;background-size: cover !important;}\u00bb][vc_column width=\u00bb3\/5&#8243; et_uniqid=\u00bbet_custom_uniqid_5ff572c8955c2&#8243; _et_uniqid=\u00bbet_custom_uniqid_new_67a3c465694ec\u00bb css_md=\u00bb.vc_custom_1738785904143{padding-top: 130px !important;padding-bottom: 130px !important;}\u00bb css_sm=\u00bb.vc_custom_1738785904143{padding-top: 130px !important;padding-bottom: 130px !important;}\u00bb css_xs=\u00bb.vc_custom_1738785904143{padding-top: 40px !important;padding-right: 30px !important;padding-bottom: 40px !important;padding-left: 30px !important;}\u00bb css=\u00bb.vc_custom_1738785904143{padding-top: 60px !important;padding-bottom: 60px !important;}\u00bb][vc_empty_space height=\u00bb1&#8243;][vc_column_text css_animation=\u00bbfadeIn\u00bb css=\u00bb\u00bb]<span style=\"color: #ffffff;\">Desde hace medio siglo, en El Bronco Autopartes hemos sido pioneros en el sector del accesorio automotriz mexicano, impulsando la pasi\u00f3n por la aventura y la funcionalidad en cada veh\u00edculo. Nacimos de la necesidad de ofrecer soluciones robustas y confiables para los veh\u00edculos, y hoy, 50 a\u00f1os despu\u00e9s, seguimos siendo un referente de calidad y experiencia.<\/span><\/p>\n<p><span style=\"color: #ffffff;\"><img data-recalc-dims=\"1\" loading=\"lazy\" decoding=\"async\" class=\"wp-image-15898 alignleft\" src=\"https:\/\/i0.wp.com\/elbronco.com.mx\/new\/wp-content\/uploads\/iSO_CERTIFICATED.png?resize=151%2C122&#038;ssl=1\" alt=\"\" width=\"151\" height=\"122\" srcset=\"https:\/\/i0.wp.com\/elbronco.com.mx\/new\/wp-content\/uploads\/iSO_CERTIFICATED.png?resize=300%2C244&amp;ssl=1 300w, https:\/\/i0.wp.com\/elbronco.com.mx\/new\/wp-content\/uploads\/iSO_CERTIFICATED.png?resize=1%2C1&amp;ssl=1 1w, https:\/\/i0.wp.com\/elbronco.com.mx\/new\/wp-content\/uploads\/iSO_CERTIFICATED.png?resize=10%2C8&amp;ssl=1 10w, https:\/\/i0.wp.com\/elbronco.com.mx\/new\/wp-content\/uploads\/iSO_CERTIFICATED.png?w=489&amp;ssl=1 489w\" sizes=\"auto, (max-width: 151px) 100vw, 151px\" \/>Nuestra dedicaci\u00f3n a la excelencia se refleja en cada pieza que fabricamos e importamos, respaldada por la prestigiosa certificaci\u00f3n ISO 9001:2015.<\/span><\/p>\n<p><span style=\"color: #ffffff;\">Esto no es solo un distintivo, es el compromiso que tenemos con la calidad, la seguridad y la satisfacci\u00f3n total de quienes conf\u00edan en nosotros.<\/span>[\/vc_column_text][\/vc_column][vc_column width=\u00bb2\/5&#8243; _et_uniqid=\u00bbet_custom_uniqid_new_6798fa6bd47f0&#8243;][vc_video link=\u00bbhttps:\/\/www.youtube.com\/watch?v=C3d2Bmjo9Sc\u00bb align=\u00bbcenter\u00bb css_animation=\u00bbright-to-left\u00bb css=\u00bb\u00bb][\/vc_column][\/vc_row][vc_row background_position=\u00bbcenter\u00bb et_uniqid=\u00bbet_custom_uniqid_5ff5b0fcad93e\u00bb css=\u00bb.vc_custom_1610009572281{margin-right: 0px !important;margin-left: 0px !important;padding-top: 85px !important;padding-bottom: 85px !important;background-image: url(https:\/\/c4.com.mx\/elbronco\/wp-content\/uploads\/2020\/12\/Map.png?id=241) !important;background-position: center !important;background-repeat: no-repeat !important;background-size: cover !important;}\u00bb _et_uniqid=\u00bbet_custom_uniqid_new_5ff6cbd6976e0&#8243; css_xs=\u00bb.vc_custom_1610009572286{padding-top: 40px !important;padding-right: 40px !important;padding-bottom: 40px !important;padding-left: 40px !important;}\u00bb][vc_column css_animation=\u00bbfadeInUp\u00bb width=\u00bb1\/4&#8243; et_uniqid=\u00bbet_custom_uniqid_600076c9adc67&#8243; _et_uniqid=\u00bbet_custom_uniqid_new_6986306897190&#8243; css=\u00bb.vc_custom_1770401905728{background-color: #EEEEEE00 !important;border-color: #EEEEEE !important;}\u00bb]\n\t\t<div class=\"no-uppercase title-686 title \">\n\t\t\t<h2 style=\"color: #113377;text-align: center;font-family:Roboto;font-weight:700;font-style:normal\" class=\"vc_custom_heading vc_do_custom_heading banner-title\" >+50<\/h2><p style=\"color: #444444;text-align: center\" class=\"vc_custom_heading vc_do_custom_heading banner-subtitle\" >A\u00f1os de Experiencia<\/p>\n\t\t<\/div>\n\n\t\t[\/vc_column][vc_column css_animation=\u00bbfadeInUp\u00bb width=\u00bb1\/4&#8243; et_uniqid=\u00bbet_custom_uniqid_600076d43a14f\u00bb _et_uniqid=\u00bbet_custom_uniqid_new_600076d44f118&#8243;]\n\t\t<div class=\"no-uppercase title-357 title \">\n\t\t\t<h2 style=\"color: #113377;text-align: center;font-family:Roboto;font-weight:700;font-style:normal\" class=\"vc_custom_heading vc_do_custom_heading banner-title\" >+1000<\/h2><p style=\"color: #444444;text-align: center\" class=\"vc_custom_heading vc_do_custom_heading banner-subtitle\" >Productos<\/p>\n\t\t<\/div>\n\n\t\t[\/vc_column][vc_column css_animation=\u00bbfadeInUp\u00bb width=\u00bb1\/4&#8243; et_uniqid=\u00bbet_custom_uniqid_5ff6bbd4b959b\u00bb css=\u00bb.vc_custom_1770401936416{border-color: #ebebeb !important;}\u00bb _et_uniqid=\u00bbet_custom_uniqid_new_69863087a3a4a\u00bb]\n\t\t<div class=\"no-uppercase title-858 title \">\n\t\t\t<h2 style=\"color: #113377;text-align: center;font-family:Roboto;font-weight:700;font-style:normal\" class=\"vc_custom_heading vc_do_custom_heading banner-title\" >+30<\/h2><p style=\"color: #444444;text-align: center\" class=\"vc_custom_heading vc_do_custom_heading banner-subtitle\" >Clientes Industriales<\/p>\n\t\t<\/div>\n\n\t\t[\/vc_column][vc_column css_animation=\u00bbfadeInUp\u00bb width=\u00bb1\/4&#8243; et_uniqid=\u00bbet_custom_uniqid_600076debc844&#8243; _et_uniqid=\u00bbet_custom_uniqid_new_600076ded2b57&#8243;]\n\t\t<div class=\"no-uppercase title-841 title \">\n\t\t\t<h2 style=\"color: #113377;text-align: center;font-family:Roboto;font-weight:700;font-style:normal\" class=\"vc_custom_heading vc_do_custom_heading banner-title\" >+400<\/h2><p style=\"color: #444444;text-align: center\" class=\"vc_custom_heading vc_do_custom_heading banner-subtitle\" >Colaboradores<\/p>\n\t\t<\/div>\n\n\t\t[\/vc_column][\/vc_row][vc_row][vc_column css_animation=\u00bbfadeInLeft\u00bb width=\u00bb1\/3&#8243; et_uniqid=\u00bbet_custom_uniqid_600076a90c07f\u00bb _et_uniqid=\u00bbet_custom_uniqid_new_600076a9223c2&#8243;][vc_single_image image=\u00bb15589&#8243; img_size=\u00bbfull\u00bb alignment=\u00bbcenter\u00bb css=\u00bb.vc_custom_1738339325369{margin-bottom: 0px !important;}\u00bb][vc_row_inner et_uniqid=\u00bbet_custom_uniqid_5ff58801d82ef\u00bb css=\u00bb.vc_custom_1609928726025{margin-right: 0px !important;margin-left: 0px !important;border-top-width: 2px !important;border-right-width: 2px !important;border-bottom-width: 2px !important;border-left-width: 2px !important;border-left-color: #ebebeb !important;border-left-style: solid !important;border-right-color: #ebebeb !important;border-right-style: solid !important;border-top-color: #ebebeb !important;border-top-style: solid !important;border-bottom-color: #ebebeb !important;border-bottom-style: solid !important;}\u00bb _et_uniqid=\u00bbet_custom_uniqid_new_5ff5900dd108b\u00bb][vc_column_inner css=\u00bb.vc_custom_1609928886338{padding-top: 30px !important;padding-right: 30px !important;padding-bottom: 5px !important;padding-left: 30px !important;}\u00bb]\n\t\t<div class=\"no-uppercase title-284 title \">\n\t\t\t<h2 style=\"color: #111111;text-align: center\" class=\"vc_custom_heading vc_do_custom_heading banner-title\" >Misi\u00f3n<\/h2><p style=\"color: #888888;text-align: center\" class=\"vc_custom_heading vc_do_custom_heading banner-subtitle\" >Fabricar y comercializar accesorios automotrices de alta calidad, dise\u00f1ados para protecci\u00f3n, est\u00e9tica de los veh\u00edculos y para la seguridad de sus ocupantes proporcionando con ello la total satisfacci\u00f3n de nuestros clientes.<\/p>\n\t\t<\/div>\n\n\t\t[\/vc_column_inner][\/vc_row_inner][\/vc_column][vc_column css_animation=\u00bbfadeIn\u00bb width=\u00bb1\/3&#8243; et_uniqid=\u00bbet_custom_uniqid_600076aec21f7&#8243; _et_uniqid=\u00bbet_custom_uniqid_new_600076aed81cf\u00bb][vc_single_image image=\u00bb15590&#8243; img_size=\u00bbfull\u00bb alignment=\u00bbcenter\u00bb css=\u00bb.vc_custom_1738339356599{margin-bottom: 0px !important;}\u00bb][vc_row_inner et_uniqid=\u00bbet_custom_uniqid_5ff58801d82ef\u00bb css=\u00bb.vc_custom_1609928726025{margin-right: 0px !important;margin-left: 0px !important;border-top-width: 2px !important;border-right-width: 2px !important;border-bottom-width: 2px !important;border-left-width: 2px !important;border-left-color: #ebebeb !important;border-left-style: solid !important;border-right-color: #ebebeb !important;border-right-style: solid !important;border-top-color: #ebebeb !important;border-top-style: solid !important;border-bottom-color: #ebebeb !important;border-bottom-style: solid !important;}\u00bb _et_uniqid=\u00bbet_custom_uniqid_new_5ff5900dd108b\u00bb][vc_column_inner css=\u00bb.vc_custom_1609928886338{padding-top: 30px !important;padding-right: 30px !important;padding-bottom: 5px !important;padding-left: 30px !important;}\u00bb]\n\t\t<div class=\"no-uppercase title-390 title \">\n\t\t\t<h2 style=\"color: #111111;text-align: center\" class=\"vc_custom_heading vc_do_custom_heading banner-title\" >Visi\u00f3n<\/h2><p style=\"color: #888888;text-align: center\" class=\"vc_custom_heading vc_do_custom_heading banner-subtitle\" >Consolidar nuestro liderazgo en la fabricaci\u00f3n y comercializaci\u00f3n de accesorios automotrices en t\u00e9rminos competitivos de dise\u00f1o, calidad y eficiente servicio.<\/p>\n\t\t<\/div>\n\n\t\t[\/vc_column_inner][\/vc_row_inner][\/vc_column][vc_column css_animation=\u00bbfadeInRight\u00bb width=\u00bb1\/3&#8243; et_uniqid=\u00bbet_custom_uniqid_600076b42523f\u00bb _et_uniqid=\u00bbet_custom_uniqid_new_600076b43dcbe\u00bb][vc_single_image image=\u00bb15591&#8243; img_size=\u00bbfull\u00bb alignment=\u00bbcenter\u00bb css=\u00bb.vc_custom_1738339397704{margin-bottom: 0px !important;}\u00bb][vc_row_inner et_uniqid=\u00bbet_custom_uniqid_5ff58801d82ef\u00bb css=\u00bb.vc_custom_1609928726025{margin-right: 0px !important;margin-left: 0px !important;border-top-width: 2px !important;border-right-width: 2px !important;border-bottom-width: 2px !important;border-left-width: 2px !important;border-left-color: #ebebeb !important;border-left-style: solid !important;border-right-color: #ebebeb !important;border-right-style: solid !important;border-top-color: #ebebeb !important;border-top-style: solid !important;border-bottom-color: #ebebeb !important;border-bottom-style: solid !important;}\u00bb _et_uniqid=\u00bbet_custom_uniqid_new_5ff5900dd108b\u00bb][vc_column_inner css=\u00bb.vc_custom_1609928886338{padding-top: 30px !important;padding-right: 30px !important;padding-bottom: 5px !important;padding-left: 30px !important;}\u00bb]\n\t\t<div class=\"no-uppercase title-122 title \">\n\t\t\t<h2 style=\"color: #111111;text-align: center\" class=\"vc_custom_heading vc_do_custom_heading banner-title\" >Objetivo<\/h2><p style=\"color: #888888;text-align: center\" class=\"vc_custom_heading vc_do_custom_heading banner-subtitle\" >Nuestro objetivo ha sido y seguir\u00e1 siendo el crecimiento y la mejora continua en todos los aspectos tales como la calidad, atenci\u00f3n, orden y productividad para satisfacer as\u00ed las expectativas de nuestros clientes.<\/p>\n\t\t<\/div>\n\n\t\t[\/vc_column_inner][\/vc_row_inner][\/vc_column][\/vc_row][vc_row][vc_column][vc_empty_space height=\u00bb75&#8243;][\/vc_column][\/vc_row][vc_row full_width=\u00bbstretch_row_content\u00bb _et_uniqid=\u00bbet_custom_uniqid_new_67d08d0b5a16f\u00bb][vc_column offset=\u00bbvc_hidden-lg vc_hidden-md vc_hidden-sm\u00bb _et_uniqid=\u00bbet_custom_uniqid_new_67d08e08e83fe\u00bb][vc_single_image image=\u00bb18403&#8243; img_size=\u00bbfull\u00bb alignment=\u00bbcenter\u00bb css=\u00bb.vc_custom_1741802312069{margin-bottom: 0px !important;}\u00bb][\/vc_column][\/vc_row][vc_row full_width=\u00bbstretch_row_content\u00bb _et_uniqid=\u00bbet_custom_uniqid_new_67d08eb5c8f8e\u00bb css=\u00bb.vc_custom_1741721272091{margin-bottom: -75px !important;}\u00bb][vc_column offset=\u00bbvc_hidden-xs\u00bb _et_uniqid=\u00bbet_custom_uniqid_new_67d08e8761c2a\u00bb][vc_single_image image=\u00bb15380&#8243; img_size=\u00bbfull\u00bb alignment=\u00bbcenter\u00bb css=\u00bb.vc_custom_1741720390858{margin-bottom: 0px !important;}\u00bb][\/vc_column][\/vc_row]<\/p>\n<\/div>","protected":false},"excerpt":{"rendered":"<p>[vc_row full_width=\u00bbstretch_row\u00bb content_placement=\u00bbbottom\u00bb css_animation=\u00bbfadeIn\u00bb background_position=\u00bbcenter\u00bb et_uniqid=\u00bbet_custom_uniqid_5ff5724499759&#8243; _et_uniqid=\u00bbet_custom_uniqid_new_67d084ef62c25&#8243; css=\u00bb.vc_custom_1741718787348{margin-top: -15px !important;background-image: url(https:\/\/elbronco.com.mx\/new\/wp-content\/uploads\/pagina_back2.webp?id=18389) !important;background-position: center !important;background-repeat: no-repeat !important;background-size: cover !important;}\u00bb][vc_column width=\u00bb3\/5&#8243; et_uniqid=\u00bbet_custom_uniqid_5ff572c8955c2&#8243;&#8230;<\/p>\n","protected":false},"author":3,"featured_media":0,"parent":0,"menu_order":0,"comment_status":"closed","ping_status":"closed","template":"","meta":{"_joinchat":[],"footnotes":""},"class_list":["post-3023","page","type-page","status-publish","hentry"],"_links":{"self":[{"href":"https:\/\/elbronco.com.mx\/new\/wp-json\/wp\/v2\/pages\/3023","targetHints":{"allow":["GET"]}}],"collection":[{"href":"https:\/\/elbronco.com.mx\/new\/wp-json\/wp\/v2\/pages"}],"about":[{"href":"https:\/\/elbronco.com.mx\/new\/wp-json\/wp\/v2\/types\/page"}],"author":[{"embeddable":true,"href":"https:\/\/elbronco.com.mx\/new\/wp-json\/wp\/v2\/users\/3"}],"replies":[{"embeddable":true,"href":"https:\/\/elbronco.com.mx\/new\/wp-json\/wp\/v2\/comments?post=3023"}],"version-history":[{"count":12,"href":"https:\/\/elbronco.com.mx\/new\/wp-json\/wp\/v2\/pages\/3023\/revisions"}],"predecessor-version":[{"id":26674,"href":"https:\/\/elbronco.com.mx\/new\/wp-json\/wp\/v2\/pages\/3023\/revisions\/26674"}],"wp:attachment":[{"href":"https:\/\/elbronco.com.mx\/new\/wp-json\/wp\/v2\/media?parent=3023"}],"curies":[{"name":"wp","href":"https:\/\/api.w.org\/{rel}","templated":true}]}}